{"id":1345,"date":"2024-08-15T21:06:55","date_gmt":"2024-08-15T14:06:55","guid":{"rendered":"https:\/\/viettung.vn\/?page_id=1345"},"modified":"2025-01-21T11:25:14","modified_gmt":"2025-01-21T04:25:14","slug":"engineering","status":"publish","type":"page","link":"https:\/\/viettung.vn\/vi\/engineering\/","title":{"rendered":"M\u00e1y m\u00f3c thi\u1ebft b\u1ecb"},"content":{"rendered":"\n<div class=\"wp-block-uagb-container uagb-block-de13c167 alignfull uagb-is-root-container\"><div class=\"uagb-container-inner-blocks-wrap\">\n<div class=\"wp-block-uagb-info-box uagb-block-60b997e4 uagb-infobox__content-wrap  uagb-infobox-icon-above-title uagb-infobox-image-valign-top wp-block-uagb-info-box--has-margin\"><div class=\"uagb-infobox-margin-wrapper\"><div class=\"uagb-ifb-content\"><div class=\"uagb-ifb-title-wrap\"><h2 class=\"uagb-ifb-title\">Mang l\u1ea1i nhi\u1ec1u gi\u00e1 tr\u1ecb h\u01a1n<\/h2><\/div><p class=\"uagb-ifb-desc\">Thi\u1ebft k\u1ebf ch\u1ebf t\u1ea1o m\u00e1y m\u00f3c c\u00f4ng nghi\u1ec7p \u0111\u00f2i h\u1ecfi s\u1ef1 ch\u00ednh x\u00e1c, ch\u1ea5t l\u01b0\u1ee3ng v\u00e0 hi\u1ec7u qu\u1ea3 kinh t\u1ebf. T\u1ea5t c\u1ea3 quy\u1ebft \u0111\u1ecbnh b\u1edfi kinh nghi\u1ec7m. Tuy nhi\u00ean, c\u00f4ng ngh\u1ec7 hi\u1ec7n nay ti\u1ebfn b\u1ed9 r\u1ea5t nhanh ch\u00f3ng. Vi\u1ec7c c\u1eadp nh\u1eadt k\u1ecbp th\u1eddi nh\u1eefng ki\u1ebfn th\u1ee9c m\u1edbi c\u0169ng l\u00e0 y\u00eau c\u1ea7u ti\u00ean quy\u1ebft \u0111\u1ec3 th\u00e0nh c\u00f4ng trong ng\u00e0nh.<br>L\u00e0 m\u1ed9t doanh nghi\u1ec7p gia \u0111\u00ecnh hai th\u1ebf h\u1ec7, Vi\u1ec7t T\u00f9ng c\u00f3 c\u1ea3 kinh nghi\u1ec7m c\u1ee7a ng\u01b0\u1eddi \u0111i tr\u01b0\u1edbc v\u00e0 s\u1ef1 nh\u1ea1y b\u00e9n c\u1ee7a th\u1ebf h\u1ec7 tr\u1ebb. B\u00ean c\u1ea1nh \u0111\u00f3, t\u1ef1 ch\u00fang t\u00f4i c\u00f2n l\u00e0 m\u1ed9t nh\u00e0 s\u1ea3n xu\u1ea5t th\u1ef1c ph\u1ea9m c\u00f4ng nghi\u1ec7p, ch\u00fang t\u00f4i t\u1ef1 tin kh\u1eb3ng \u0111\u1ecbnh m\u00ecnh \u0111\u1ee7 th\u1ea5u hi\u1ec3u nh\u1eefng suy t\u01b0 c\u1ee7a qu\u00fd kh\u00e1ch h\u00e0ng.<\/p><div class=\"uagb-ifb-button-wrapper wp-block-button\"><a href=\"tel:0866807339\" class=\"uagb-infobox-cta-link wp-block-button__link\" target=\"_self\" rel=\"noopener noreferrer\" onclick=\"return true;\"><span class=\"uagb-inline-editing\">G\u1ecdi ch\u00fang t\u00f4i \u0111\u1ec3 \u0111\u01b0\u1ee3c t\u01b0 v\u1ea5n<\/span><\/a><\/div><\/div><\/div><\/div>\n<\/div><\/div>\n\n\n\n<div class=\"wp-block-uagb-container uag-blocks-common-selector uagb-block-65b6ce60 alignfull uagb-is-root-container\"><div class=\"uagb-container-inner-blocks-wrap\">\n<div class=\"wp-block-uagb-container uagb-block-58b26743\">\n<div class=\"wp-block-uagb-info-box uagb-block-4c92b8e9 uagb-infobox__content-wrap  uagb-infobox-icon-above-title uagb-infobox-image-valign-top\"><div class=\"uagb-ifb-content\"><div class=\"uagb-ifb-title-wrap\"><h2 class=\"uagb-ifb-title\">C\u00e1c thi\u1ebft b\u1ecb ch\u00fang t\u00f4i cung c\u1ea5p<\/h2><\/div><p class=\"uagb-ifb-desc\">N\u1ed3i h\u01a1i, l\u00f2 thanh tr\u00f9ng, n\u1ed3i chi\u00ean ch\u00e2n kh\u00f4ng, d\u00e2y chuy\u1ec1n chi\u1ebft r\u00f3t, m\u00e1y gh\u00e9p m\u00ed lon, thi\u1ebft b\u1ecb gia nhi\u1ec7t, khu\u1ea5y tr\u1ed9n, xay nghi\u1ec1n, t\u1ea1o h\u1ea1t v\u00e0 nhi\u1ec1u lo\u1ea1i thi\u1ebft b\u1ecb ph\u1ee5 tr\u1ee3 kh\u00e1c.<\/p><\/div><\/div>\n<\/div>\n\n\n\t\t\t\t\t<div\n\t\t\t\t\t\tclass=\"wp-block-uagb-image-gallery uagb-block-829941a8     \"\n\t\t\t\t\t\tstyle=\"\"\n\t\t\t\t\t>\n\t\t\t\t\t\t\t\t\t\t\t<div class=\"spectra-image-gallery spectra-image-gallery__layout--grid spectra-image-gallery__layout--grid-col-3 spectra-image-gallery__layout--grid-col-tab-3 spectra-image-gallery__layout--grid-col-mob-2\">\n\t\t\t\t\t\t\t\t\t\t\t<div class='spectra-image-gallery__media-wrapper' data-spectra-gallery-image-id='1218' tabindex=\"0\">\n\t\t\t\t\t\t\t<div class=\"spectra-image-gallery__media spectra-image-gallery__media--grid\">\n\t\t\t\t<picture>\n\t\t\t\t\t<source media=\"(min-width: 1024px)\" srcset=\"https:\/\/viettung.vn\/wp-content\/uploads\/2024\/08\/74609577_xl_normal_none-1024x683.jpg\">\n\t\t\t\t\t<source media=\"(min-width: 768px)\" srcset=\"https:\/\/viettung.vn\/wp-content\/uploads\/2024\/08\/74609577_xl_normal_none-1024x683.jpg\">\n\t\t\t\t\t<img decoding=\"async\" class=\"spectra-image-gallery__media-thumbnail spectra-image-gallery__media-thumbnail--grid\" src=\"https:\/\/viettung.vn\/wp-content\/uploads\/2024\/08\/74609577_xl_normal_none-300x200.jpg\" alt=\"C\u00e1c lo\u1ea1i n\u1ed3i h\u01a1i c\u00f4ng su\u1ea5t l\u1edbn nh\u1ecf, s\u1eed d\u1ee5ng m\u1ecdi ngu\u1ed3n n\u0103ng l\u01b0\u1ee3ng\" loading=\"lazy\" \/>\n\t\t\t\t<\/picture>\n\t\t\t\t<div class=\"spectra-image-gallery__media-thumbnail-blurrer\"><\/div>\n\t\t\t\t\t\t\t\t\t\t\t<div class=\"spectra-image-gallery__media-thumbnail-caption-wrapper spectra-image-gallery__media-thumbnail-caption-wrapper--overlay\">\n\t\t\t\t\t\t\t\t\t\t\t<div class=\"spectra-image-gallery__media-thumbnail-caption spectra-image-gallery__media-thumbnail-caption--overlay\">\n\t\t\t\t\tN\u1ed3i h\u01a1i\t\t\t\t<\/div>\n\t\t\t\t\t\t\t\t\t\t<\/div>\n\t\t\t\t\t\t\t\t\t<\/div>\n\t\t\t\t\t\t<\/div>\n\t\t\t\t\t\t<div class='spectra-image-gallery__media-wrapper' data-spectra-gallery-image-id='1193' tabindex=\"0\">\n\t\t\t\t\t\t\t<div class=\"spectra-image-gallery__media spectra-image-gallery__media--grid\">\n\t\t\t\t<picture>\n\t\t\t\t\t<source media=\"(min-width: 1024px)\" srcset=\"https:\/\/viettung.vn\/wp-content\/uploads\/2024\/08\/autoclave-1024x683.jpg\">\n\t\t\t\t\t<source media=\"(min-width: 768px)\" srcset=\"https:\/\/viettung.vn\/wp-content\/uploads\/2024\/08\/autoclave-1024x683.jpg\">\n\t\t\t\t\t<img decoding=\"async\" class=\"spectra-image-gallery__media-thumbnail spectra-image-gallery__media-thumbnail--grid\" src=\"https:\/\/viettung.vn\/wp-content\/uploads\/2024\/08\/autoclave-300x200.jpg\" alt=\"\" loading=\"lazy\" \/>\n\t\t\t\t<\/picture>\n\t\t\t\t<div class=\"spectra-image-gallery__media-thumbnail-blurrer\"><\/div>\n\t\t\t\t\t\t\t\t\t\t\t<div class=\"spectra-image-gallery__media-thumbnail-caption-wrapper spectra-image-gallery__media-thumbnail-caption-wrapper--overlay\">\n\t\t\t\t\t\t\t\t\t\t\t<div class=\"spectra-image-gallery__media-thumbnail-caption spectra-image-gallery__media-thumbnail-caption--overlay\">\n\t\t\t\t\tL\u00f2 thanh tr\u00f9ng\t\t\t\t<\/div>\n\t\t\t\t\t\t\t\t\t\t<\/div>\n\t\t\t\t\t\t\t\t\t<\/div>\n\t\t\t\t\t\t<\/div>\n\t\t\t\t\t\t<div class='spectra-image-gallery__media-wrapper' data-spectra-gallery-image-id='1324' tabindex=\"0\">\n\t\t\t\t\t\t\t<div class=\"spectra-image-gallery__media spectra-image-gallery__media--grid\">\n\t\t\t\t<picture>\n\t\t\t\t\t<source media=\"(min-width: 1024px)\" srcset=\"https:\/\/viettung.vn\/wp-content\/uploads\/2024\/08\/Vacuum.jpg\">\n\t\t\t\t\t<source media=\"(min-width: 768px)\" srcset=\"https:\/\/viettung.vn\/wp-content\/uploads\/2024\/08\/Vacuum.jpg\">\n\t\t\t\t\t<img decoding=\"async\" class=\"spectra-image-gallery__media-thumbnail spectra-image-gallery__media-thumbnail--grid\" src=\"https:\/\/viettung.vn\/wp-content\/uploads\/2024\/08\/Vacuum-300x225.jpg\" alt=\"C\u00f4ng ngh\u1ec7 m\u1edbi nh\u1ea5t\" loading=\"lazy\" \/>\n\t\t\t\t<\/picture>\n\t\t\t\t<div class=\"spectra-image-gallery__media-thumbnail-blurrer\"><\/div>\n\t\t\t\t\t\t\t\t\t\t\t<div class=\"spectra-image-gallery__media-thumbnail-caption-wrapper spectra-image-gallery__media-thumbnail-caption-wrapper--overlay\">\n\t\t\t\t\t\t\t\t\t\t\t<div class=\"spectra-image-gallery__media-thumbnail-caption spectra-image-gallery__media-thumbnail-caption--overlay\">\n\t\t\t\t\tN\u1ed3i chi\u00ean ch\u00e2n kh\u00f4ng\t\t\t\t<\/div>\n\t\t\t\t\t\t\t\t\t\t<\/div>\n\t\t\t\t\t\t\t\t\t<\/div>\n\t\t\t\t\t\t<\/div>\n\t\t\t\t\t\t<div class='spectra-image-gallery__media-wrapper' data-spectra-gallery-image-id='1259' tabindex=\"0\">\n\t\t\t\t\t\t\t<div class=\"spectra-image-gallery__media spectra-image-gallery__media--grid\">\n\t\t\t\t<picture>\n\t\t\t\t\t<source media=\"(min-width: 1024px)\" srcset=\"https:\/\/viettung.vn\/wp-content\/uploads\/2024\/08\/filling-1024x637.jpg\">\n\t\t\t\t\t<source media=\"(min-width: 768px)\" srcset=\"https:\/\/viettung.vn\/wp-content\/uploads\/2024\/08\/filling-1024x637.jpg\">\n\t\t\t\t\t<img decoding=\"async\" class=\"spectra-image-gallery__media-thumbnail spectra-image-gallery__media-thumbnail--grid\" src=\"https:\/\/viettung.vn\/wp-content\/uploads\/2024\/08\/filling-300x187.jpg\" alt=\"\" loading=\"lazy\" \/>\n\t\t\t\t<\/picture>\n\t\t\t\t<div class=\"spectra-image-gallery__media-thumbnail-blurrer\"><\/div>\n\t\t\t\t\t\t\t\t\t\t\t<div class=\"spectra-image-gallery__media-thumbnail-caption-wrapper spectra-image-gallery__media-thumbnail-caption-wrapper--overlay\">\n\t\t\t\t\t\t\t\t\t\t\t<div class=\"spectra-image-gallery__media-thumbnail-caption spectra-image-gallery__media-thumbnail-caption--overlay\">\n\t\t\t\t\tThi\u1ebft b\u1ecb chi\u1ebft r\u00f3t\t\t\t\t<\/div>\n\t\t\t\t\t\t\t\t\t\t<\/div>\n\t\t\t\t\t\t\t\t\t<\/div>\n\t\t\t\t\t\t<\/div>\n\t\t\t\t\t\t<div class='spectra-image-gallery__media-wrapper' data-spectra-gallery-image-id='1222' tabindex=\"0\">\n\t\t\t\t\t\t\t<div class=\"spectra-image-gallery__media spectra-image-gallery__media--grid\">\n\t\t\t\t<picture>\n\t\t\t\t\t<source media=\"(min-width: 1024px)\" srcset=\"https:\/\/viettung.vn\/wp-content\/uploads\/2024\/08\/canning_2-1024x664.jpg\">\n\t\t\t\t\t<source media=\"(min-width: 768px)\" srcset=\"https:\/\/viettung.vn\/wp-content\/uploads\/2024\/08\/canning_2-1024x664.jpg\">\n\t\t\t\t\t<img decoding=\"async\" class=\"spectra-image-gallery__media-thumbnail spectra-image-gallery__media-thumbnail--grid\" src=\"https:\/\/viettung.vn\/wp-content\/uploads\/2024\/08\/canning_2-300x194.jpg\" alt=\"\u0110a d\u1ea1ng ch\u1ee7ng lo\u1ea1i v\u00e0 c\u00f4ng su\u1ea5t, thi\u1ebft k\u1ebf ri\u00eang \u0111\u1ea3m b\u1ea3o k\u1ebft n\u1ed1i \u0111\u1ed3ng b\u1ed9\" loading=\"lazy\" \/>\n\t\t\t\t<\/picture>\n\t\t\t\t<div class=\"spectra-image-gallery__media-thumbnail-blurrer\"><\/div>\n\t\t\t\t\t\t\t\t\t\t\t<div class=\"spectra-image-gallery__media-thumbnail-caption-wrapper spectra-image-gallery__media-thumbnail-caption-wrapper--overlay\">\n\t\t\t\t\t\t\t\t\t\t\t<div class=\"spectra-image-gallery__media-thumbnail-caption spectra-image-gallery__media-thumbnail-caption--overlay\">\n\t\t\t\t\tM\u00e1y gh\u00e9p m\u00ed lon\t\t\t\t<\/div>\n\t\t\t\t\t\t\t\t\t\t<\/div>\n\t\t\t\t\t\t\t\t\t<\/div>\n\t\t\t\t\t\t<\/div>\n\t\t\t\t\t\t<div class='spectra-image-gallery__media-wrapper' data-spectra-gallery-image-id='1223' tabindex=\"0\">\n\t\t\t\t\t\t\t<div class=\"spectra-image-gallery__media spectra-image-gallery__media--grid\">\n\t\t\t\t<picture>\n\t\t\t\t\t<source media=\"(min-width: 1024px)\" srcset=\"https:\/\/viettung.vn\/wp-content\/uploads\/2024\/08\/mixer-1024x683.jpg\">\n\t\t\t\t\t<source media=\"(min-width: 768px)\" srcset=\"https:\/\/viettung.vn\/wp-content\/uploads\/2024\/08\/mixer-1024x683.jpg\">\n\t\t\t\t\t<img decoding=\"async\" class=\"spectra-image-gallery__media-thumbnail spectra-image-gallery__media-thumbnail--grid\" src=\"https:\/\/viettung.vn\/wp-content\/uploads\/2024\/08\/mixer-300x200.jpg\" alt=\"Thi\u1ebft b\u1ecb gia nhi\u1ec7t, khu\u1ea5y tr\u1ed9n, xay nghi\u1ec1n, t\u1ea1o h\u1ea1t v\u00e0 nhi\u1ec1u thi\u1ebft b\u1ecb kh\u00e1c\" loading=\"lazy\" \/>\n\t\t\t\t<\/picture>\n\t\t\t\t<div class=\"spectra-image-gallery__media-thumbnail-blurrer\"><\/div>\n\t\t\t\t\t\t\t\t\t\t\t<div class=\"spectra-image-gallery__media-thumbnail-caption-wrapper spectra-image-gallery__media-thumbnail-caption-wrapper--overlay\">\n\t\t\t\t\t\t\t\t\t\t\t<div class=\"spectra-image-gallery__media-thumbnail-caption spectra-image-gallery__media-thumbnail-caption--overlay\">\n\t\t\t\t\tThi\u1ebft b\u1ecb gia nhi\u1ec7t, khu\u1ea5y tr\u1ed9n, xay nghi\u1ec1n, t\u1ea1o h\u1ea1t v\u00e0 nhi\u1ec1u thi\u1ebft b\u1ecb kh\u00e1c\t\t\t\t<\/div>\n\t\t\t\t\t\t\t\t\t\t<\/div>\n\t\t\t\t\t\t\t\t\t<\/div>\n\t\t\t\t\t\t<\/div>\n\t\t\t\t\t\t\t\t\t\t<\/div>\n\t\t\t\t\t\t\t\t\t\t\t\t\t\t\t\t\t\t<\/div>\n\t\t\t\t\t\t\t\t\t\t\t<div class='spectra-image-gallery__control-lightbox' tabindex='0'>\n\t\t\t\t\t\t\t\t\t\t\t<div class=\"swiper spectra-image-gallery__control-lightbox--main\" dir=\"\">\n\t\t\t\t\t<div class=\"swiper-wrapper\">\n\t\t\t\t\t\t\t\t\t\t\t\t\t\n\t\t\t\t\t\t\t<div class=\"swiper-slide\">\n\t\t\t\t\t\t\t\t<img class=\"swiper-lazy\" data-src=\"https:\/\/viettung.vn\/wp-content\/uploads\/2024\/08\/74609577_xl_normal_none-scaled.jpg\" alt=\"C\u00e1c lo\u1ea1i n\u1ed3i h\u01a1i c\u00f4ng su\u1ea5t l\u1edbn nh\u1ecf, s\u1eed d\u1ee5ng m\u1ecdi ngu\u1ed3n n\u0103ng l\u01b0\u1ee3ng\"\/>\n\t\t\t\t\t\t\t\t<div class=\"swiper-lazy-preloader swiper-lazy-preloader-white\"><\/div>\n\t\t\t\t\t\t\t\t\t\t\t\t\t\t\t<\/div>\n\t\t\t\t\t\t\t\t\t\t\t\t\t\n\t\t\t\t\t\t\t<div class=\"swiper-slide\">\n\t\t\t\t\t\t\t\t<img class=\"swiper-lazy\" data-src=\"https:\/\/viettung.vn\/wp-content\/uploads\/2024\/08\/autoclave-scaled.jpg\" alt=\"\"\/>\n\t\t\t\t\t\t\t\t<div class=\"swiper-lazy-preloader swiper-lazy-preloader-white\"><\/div>\n\t\t\t\t\t\t\t\t\t\t\t\t\t\t\t<\/div>\n\t\t\t\t\t\t\t\t\t\t\t\t\t\n\t\t\t\t\t\t\t<div class=\"swiper-slide\">\n\t\t\t\t\t\t\t\t<img class=\"swiper-lazy\" data-src=\"https:\/\/viettung.vn\/wp-content\/uploads\/2024\/08\/Vacuum.jpg\" alt=\"C\u00f4ng ngh\u1ec7 m\u1edbi nh\u1ea5t\"\/>\n\t\t\t\t\t\t\t\t<div class=\"swiper-lazy-preloader swiper-lazy-preloader-white\"><\/div>\n\t\t\t\t\t\t\t\t\t\t\t\t\t\t\t<\/div>\n\t\t\t\t\t\t\t\t\t\t\t\t\t\n\t\t\t\t\t\t\t<div class=\"swiper-slide\">\n\t\t\t\t\t\t\t\t<img class=\"swiper-lazy\" data-src=\"https:\/\/viettung.vn\/wp-content\/uploads\/2024\/08\/filling-scaled.jpg\" alt=\"\"\/>\n\t\t\t\t\t\t\t\t<div class=\"swiper-lazy-preloader swiper-lazy-preloader-white\"><\/div>\n\t\t\t\t\t\t\t\t\t\t\t\t\t\t\t<\/div>\n\t\t\t\t\t\t\t\t\t\t\t\t\t\n\t\t\t\t\t\t\t<div class=\"swiper-slide\">\n\t\t\t\t\t\t\t\t<img class=\"swiper-lazy\" data-src=\"https:\/\/viettung.vn\/wp-content\/uploads\/2024\/08\/canning_2-scaled.jpg\" alt=\"\u0110a d\u1ea1ng ch\u1ee7ng lo\u1ea1i v\u00e0 c\u00f4ng su\u1ea5t, thi\u1ebft k\u1ebf ri\u00eang \u0111\u1ea3m b\u1ea3o k\u1ebft n\u1ed1i \u0111\u1ed3ng b\u1ed9\"\/>\n\t\t\t\t\t\t\t\t<div class=\"swiper-lazy-preloader swiper-lazy-preloader-white\"><\/div>\n\t\t\t\t\t\t\t\t\t\t\t\t\t\t\t<\/div>\n\t\t\t\t\t\t\t\t\t\t\t\t\t\n\t\t\t\t\t\t\t<div class=\"swiper-slide\">\n\t\t\t\t\t\t\t\t<img class=\"swiper-lazy\" data-src=\"https:\/\/viettung.vn\/wp-content\/uploads\/2024\/08\/mixer-scaled.jpg\" alt=\"Thi\u1ebft b\u1ecb gia nhi\u1ec7t, khu\u1ea5y tr\u1ed9n, xay nghi\u1ec1n, t\u1ea1o h\u1ea1t v\u00e0 nhi\u1ec1u thi\u1ebft b\u1ecb kh\u00e1c\"\/>\n\t\t\t\t\t\t\t\t<div class=\"swiper-lazy-preloader swiper-lazy-preloader-white\"><\/div>\n\t\t\t\t\t\t\t\t\t\t\t\t\t\t\t<\/div>\n\t\t\t\t\t\t\t\t\t\t\t<\/div>\n\t\t\t\t\t<div class=\"swiper-button-next\"><\/div>\n\t\t\t\t\t<div class=\"swiper-button-prev\"><\/div>\n\t\t\t\t<\/div>\t\t\t\n\t\t\t\t\t\t\t\t\t\t\t\t\t\t\t\t\t\t\t\t\t\t\t\t\t\t\t\t\t\t\t\t<button class='spectra-image-gallery__control-lightbox--close' aria-label=\"Close\">\n\t\t\t\t\t\t\t\t\t\t\t\t\t<svg xmlns=\"https:\/\/www.w3.org\/2000\/svg\" viewBox= \"0 0 320 512\"><path d=\"M310.6 361.4c12.5 12.5 12.5 32.75 0 45.25C304.4 412.9 296.2 416 288 416s-16.38-3.125-22.62-9.375L160 301.3L54.63 406.6C48.38 412.9 40.19 416 32 416S15.63 412.9 9.375 406.6c-12.5-12.5-12.5-32.75 0-45.25l105.4-105.4L9.375 150.6c-12.5-12.5-12.5-32.75 0-45.25s32.75-12.5 45.25 0L160 210.8l105.4-105.4c12.5-12.5 32.75-12.5 45.25 0s12.5 32.75 0 45.25l-105.4 105.4L310.6 361.4z\"><\/path><\/svg>\n\t\t\t\t\t\t\t\t\t\t\t\t<\/button>\n\t\t\t\t\t\t\t\t\t\t\t\t\t<\/div>\n\t\t\t\t\t\t\t\t\t<\/div><\/div>\n","protected":false},"excerpt":{"rendered":"","protected":false},"author":1,"featured_media":0,"parent":0,"menu_order":0,"comment_status":"closed","ping_status":"closed","template":"","meta":{"_uag_custom_page_level_css":"","site-sidebar-layout":"no-sidebar","site-content-layout":"plain-container","ast-site-content-layout":"normal-width-container","site-content-style":"unboxed","site-sidebar-style":"unboxed","ast-global-header-display":"","ast-banner-title-visibility":"","ast-main-header-display":"","ast-hfb-above-header-display":"","ast-hfb-below-header-display":"","ast-hfb-mobile-header-display":"","site-post-title":"disabled","ast-breadcrumbs-content":"","ast-featured-img":"disabled","footer-sml-layout":"","ast-disable-related-posts":"","theme-transparent-header-meta":"disabled","adv-header-id-meta":"","stick-header-meta":"","header-above-stick-meta":"","header-main-stick-meta":"","header-below-stick-meta":"","astra-migrate-meta-layouts":"set","ast-page-background-enabled":"default","ast-page-background-meta":{"desktop":{"background-color":"var(--ast-global-color-4)","background-image":"","background-repeat":"repeat","background-position":"center center","background-size":"auto","background-attachment":"scroll","background-type":"","background-media":"","overlay-type":"","overlay-color":"","overlay-opacity":"","overlay-gradient":""},"tablet":{"background-color":"","background-image":"","background-repeat":"repeat","background-position":"center center","background-size":"auto","background-attachment":"scroll","background-type":"","background-media":"","overlay-type":"","overlay-color":"","overlay-opacity":"","overlay-gradient":""},"mobile":{"background-color":"","background-image":"","background-repeat":"repeat","background-position":"center center","background-size":"auto","background-attachment":"scroll","background-type":"","background-media":"","overlay-type":"","overlay-color":"","overlay-opacity":"","overlay-gradient":""}},"ast-content-background-meta":{"desktop":{"background-color":"var(--ast-global-color-5)","background-image":"","background-repeat":"repeat","background-position":"center center","background-size":"auto","background-attachment":"scroll","background-type":"","background-media":"","overlay-type":"","overlay-color":"","overlay-opacity":"","overlay-gradient":""},"tablet":{"background-color":"var(--ast-global-color-5)","background-image":"","background-repeat":"repeat","background-position":"center center","background-size":"auto","background-attachment":"scroll","background-type":"","background-media":"","overlay-type":"","overlay-color":"","overlay-opacity":"","overlay-gradient":""},"mobile":{"background-color":"var(--ast-global-color-5)","background-image":"","background-repeat":"repeat","background-position":"center center","background-size":"auto","background-attachment":"scroll","background-type":"","background-media":"","overlay-type":"","overlay-color":"","overlay-opacity":"","overlay-gradient":""}},"footnotes":""},"class_list":["post-1345","page","type-page","status-publish","hentry"],"uagb_featured_image_src":{"full":false,"thumbnail":false,"medium":false,"medium_large":false,"large":false,"1536x1536":false,"2048x2048":false,"trp-custom-language-flag":false},"uagb_author_info":{"display_name":"vietbachster@gmail.com","author_link":"https:\/\/viettung.vn\/vi\/author\/vietbachstergmail-com\/"},"uagb_comment_info":0,"uagb_excerpt":null,"_links":{"self":[{"href":"https:\/\/viettung.vn\/vi\/wp-json\/wp\/v2\/pages\/1345","targetHints":{"allow":["GET"]}}],"collection":[{"href":"https:\/\/viettung.vn\/vi\/wp-json\/wp\/v2\/pages"}],"about":[{"href":"https:\/\/viettung.vn\/vi\/wp-json\/wp\/v2\/types\/page"}],"author":[{"embeddable":true,"href":"https:\/\/viettung.vn\/vi\/wp-json\/wp\/v2\/users\/1"}],"replies":[{"embeddable":true,"href":"https:\/\/viettung.vn\/vi\/wp-json\/wp\/v2\/comments?post=1345"}],"version-history":[{"count":8,"href":"https:\/\/viettung.vn\/vi\/wp-json\/wp\/v2\/pages\/1345\/revisions"}],"predecessor-version":[{"id":1484,"href":"https:\/\/viettung.vn\/vi\/wp-json\/wp\/v2\/pages\/1345\/revisions\/1484"}],"wp:attachment":[{"href":"https:\/\/viettung.vn\/vi\/wp-json\/wp\/v2\/media?parent=1345"}],"curies":[{"name":"wp","href":"https:\/\/api.w.org\/{rel}","templated":true}]}}