{"id":1348,"date":"2024-08-15T21:34:08","date_gmt":"2024-08-15T14:34:08","guid":{"rendered":"https:\/\/viettung.vn\/?page_id=1348"},"modified":"2026-01-11T13:50:49","modified_gmt":"2026-01-11T06:50:49","slug":"food","status":"publish","type":"page","link":"https:\/\/viettung.vn\/vi\/food\/","title":{"rendered":"Th\u1ef1c ph\u1ea9m \u0111\u00f3ng h\u1ed9p"},"content":{"rendered":"\n<div class=\"wp-block-uagb-container uagb-block-de13c167 alignfull uagb-is-root-container\"><div class=\"uagb-container-inner-blocks-wrap\">\n<div class=\"wp-block-uagb-info-box uagb-block-60b997e4 uagb-infobox__content-wrap  uagb-infobox-icon-above-title uagb-infobox-image-valign-top wp-block-uagb-info-box--has-margin\"><div class=\"uagb-infobox-margin-wrapper\"><div class=\"uagb-ifb-content\"><div class=\"uagb-ifb-title-wrap\"><h2 class=\"uagb-ifb-title\">Nhanh. Nh\u01b0ng v\u1eabn ngon l\u00e0nh.<\/h2><\/div><p class=\"uagb-ifb-desc\">V\u1edbi 2500 m2 nh\u00e0 x\u01b0\u1edfng trang b\u1ecb hi\u1ec7n \u0111\u1ea1i v\u00e0 quy tr\u00ecnh s\u1ea3n xu\u1ea5t \u0111\u01b0\u1ee3c ch\u1ee9ng nh\u1eadn ISO v\u00e0 HACCP, Vi\u1ec7t T\u00f9ng l\u00e0m ra nh\u1eefng m\u00f3n \u0103n ngon l\u00e0nh, ch\u1ea5t l\u01b0\u1ee3ng v\u00e0 v\u1eabn v\u00f4 c\u00f9ng ti\u1ec7n l\u1ee3i. Ch\u00fang t\u00f4i hi\u1ec3u r\u1eb1ng ng\u01b0\u1eddi ti\u00eau d\u00f9ng mu\u1ed1n d\u00e0nh nhi\u1ec1u th\u1eddi gian \u0111\u1ec3 t\u1eadn h\u01b0\u1edfng m\u1ed9t b\u1eefa \u0103n h\u01a1n l\u00e0 ph\u1ea3i m\u1ea5t c\u00f4ng n\u1ea5u n\u01b0\u1edbng. V\u00e0 ch\u1eafc ch\u1eafn l\u00e0 h\u1ecd c\u00e0ng kh\u00f4ng mu\u1ed1n m\u1ea5t th\u1eddi gian lo ng\u1ea1i v\u1ec1 ch\u1ea5t l\u01b0\u1ee3ng c\u1ee7a m\u00f3n \u0103n. <br>N\u1ebfu qu\u00fd v\u1ecb hi\u1ec3u v\u00e0 mu\u1ed1n \u0111\u1ed3ng h\u00e0nh c\u00f9ng ch\u00fang t\u00f4i trong s\u1ee9 m\u1ec7nh kinh doanh n\u00e0y, ch\u00fang t\u00f4i ch\u00e0o \u0111\u00f3n t\u1ea5t c\u1ea3 nh\u1eefng c\u01a1 h\u1ed9i h\u1ee3p t\u00e1c c\u00f9ng qu\u00fd v\u1ecb.<\/p><div class=\"uagb-ifb-button-wrapper wp-block-button\"><a href=\"tel:0903045087\" class=\"uagb-infobox-cta-link wp-block-button__link\" target=\"_self\" rel=\"noopener noreferrer\" onclick=\"return true;\"><span class=\"uagb-inline-editing\">G\u1ecdi ch\u00fang t\u00f4i \u0111\u1ec3 \u0111\u01b0\u1ee3c t\u01b0 v\u1ea5n<\/span><\/a><\/div><\/div><\/div><\/div>\n<\/div><\/div>\n\n\n\n<div class=\"wp-block-uagb-container uag-blocks-common-selector uagb-block-65b6ce60 alignfull uagb-is-root-container\"><div class=\"uagb-container-inner-blocks-wrap\">\n<div class=\"wp-block-uagb-container uagb-block-58b26743\">\n<div class=\"wp-block-uagb-info-box uagb-block-4c92b8e9 uagb-infobox__content-wrap  uagb-infobox-icon-above-title uagb-infobox-image-valign-top\"><div class=\"uagb-ifb-content\"><div class=\"uagb-ifb-title-wrap\"><h2 class=\"uagb-ifb-title\">Nh\u1eefng th\u01b0\u01a1ng hi\u1ec7u ch\u00fang t\u00f4i \u0111\u00e3 v\u00e0 \u0111ang s\u1ea3n xu\u1ea5t<\/h2><\/div><\/div><\/div>\n<\/div>\n\n\n\t\t\t\t\t<div\n\t\t\t\t\t\tclass=\"wp-block-uagb-image-gallery uagb-block-829941a8     \"\n\t\t\t\t\t\tstyle=\"\"\n\t\t\t\t\t>\n\t\t\t\t\t\t\t\t\t\t\t<div class=\"spectra-image-gallery spectra-image-gallery__layout--grid spectra-image-gallery__layout--grid-col-4 spectra-image-gallery__layout--grid-col-tab-2 spectra-image-gallery__layout--grid-col-mob-2\">\n\t\t\t\t\t\t\t\t\t\t\t<div class='spectra-image-gallery__media-wrapper' data-spectra-gallery-image-id='1350' tabindex=\"0\">\n\t\t\t\t\t\t\t<div class=\"spectra-image-gallery__media spectra-image-gallery__media--grid\">\n\t\t\t\t<picture>\n\t\t\t\t\t<source media=\"(min-width: 1024px)\" srcset=\"https:\/\/viettung.vn\/wp-content\/uploads\/2024\/08\/THE-PET-BLACK.png\">\n\t\t\t\t\t<source media=\"(min-width: 768px)\" srcset=\"https:\/\/viettung.vn\/wp-content\/uploads\/2024\/08\/THE-PET-BLACK.png\">\n\t\t\t\t\t<img decoding=\"async\" class=\"spectra-image-gallery__media-thumbnail spectra-image-gallery__media-thumbnail--grid\" src=\"https:\/\/viettung.vn\/wp-content\/uploads\/2024\/08\/THE-PET-BLACK.png\" alt=\"\" loading=\"lazy\" \/>\n\t\t\t\t<\/picture>\n\t\t\t\t<div class=\"spectra-image-gallery__media-thumbnail-blurrer\"><\/div>\n\t\t\t\t\t\t\t\t\t\t\t<div class=\"spectra-image-gallery__media-thumbnail-caption-wrapper spectra-image-gallery__media-thumbnail-caption-wrapper--overlay\"><\/div>\n\t\t\t\t\t\t\t\t<\/div>\n\t\t\t\t\t\t<\/div>\n\t\t\t\t\t\t<div class='spectra-image-gallery__media-wrapper' data-spectra-gallery-image-id='1351' tabindex=\"0\">\n\t\t\t\t\t\t\t<div class=\"spectra-image-gallery__media spectra-image-gallery__media--grid\">\n\t\t\t\t<picture>\n\t\t\t\t\t<source media=\"(min-width: 1024px)\" srcset=\"https:\/\/viettung.vn\/wp-content\/uploads\/2024\/08\/Screenshot-2024-08-15-at-21.32.50.png\">\n\t\t\t\t\t<source media=\"(min-width: 768px)\" srcset=\"https:\/\/viettung.vn\/wp-content\/uploads\/2024\/08\/Screenshot-2024-08-15-at-21.32.50.png\">\n\t\t\t\t\t<img decoding=\"async\" class=\"spectra-image-gallery__media-thumbnail spectra-image-gallery__media-thumbnail--grid\" src=\"https:\/\/viettung.vn\/wp-content\/uploads\/2024\/08\/Screenshot-2024-08-15-at-21.32.50.png\" alt=\"\" loading=\"lazy\" \/>\n\t\t\t\t<\/picture>\n\t\t\t\t<div class=\"spectra-image-gallery__media-thumbnail-blurrer\"><\/div>\n\t\t\t\t\t\t\t\t\t\t\t<div class=\"spectra-image-gallery__media-thumbnail-caption-wrapper spectra-image-gallery__media-thumbnail-caption-wrapper--overlay\"><\/div>\n\t\t\t\t\t\t\t\t<\/div>\n\t\t\t\t\t\t<\/div>\n\t\t\t\t\t\t<div class='spectra-image-gallery__media-wrapper' data-spectra-gallery-image-id='1369' tabindex=\"0\">\n\t\t\t\t\t\t\t<div class=\"spectra-image-gallery__media spectra-image-gallery__media--grid\">\n\t\t\t\t<picture>\n\t\t\t\t\t<source media=\"(min-width: 1024px)\" srcset=\"https:\/\/viettung.vn\/wp-content\/uploads\/2024\/08\/IMG_0013.jpg\">\n\t\t\t\t\t<source media=\"(min-width: 768px)\" srcset=\"https:\/\/viettung.vn\/wp-content\/uploads\/2024\/08\/IMG_0013.jpg\">\n\t\t\t\t\t<img decoding=\"async\" class=\"spectra-image-gallery__media-thumbnail spectra-image-gallery__media-thumbnail--grid\" src=\"https:\/\/viettung.vn\/wp-content\/uploads\/2024\/08\/IMG_0013.jpg\" alt=\"\" loading=\"lazy\" \/>\n\t\t\t\t<\/picture>\n\t\t\t\t<div class=\"spectra-image-gallery__media-thumbnail-blurrer\"><\/div>\n\t\t\t\t\t\t\t\t\t\t\t<div class=\"spectra-image-gallery__media-thumbnail-caption-wrapper spectra-image-gallery__media-thumbnail-caption-wrapper--overlay\"><\/div>\n\t\t\t\t\t\t\t\t<\/div>\n\t\t\t\t\t\t<\/div>\n\t\t\t\t\t\t<div class='spectra-image-gallery__media-wrapper' data-spectra-gallery-image-id='1418' tabindex=\"0\">\n\t\t\t\t\t\t\t<div class=\"spectra-image-gallery__media spectra-image-gallery__media--grid\">\n\t\t\t\t<picture>\n\t\t\t\t\t<source media=\"(min-width: 1024px)\" srcset=\"https:\/\/viettung.vn\/wp-content\/uploads\/2024\/08\/Image-9.jpeg\">\n\t\t\t\t\t<source media=\"(min-width: 768px)\" srcset=\"https:\/\/viettung.vn\/wp-content\/uploads\/2024\/08\/Image-9.jpeg\">\n\t\t\t\t\t<img decoding=\"async\" class=\"spectra-image-gallery__media-thumbnail spectra-image-gallery__media-thumbnail--grid\" src=\"https:\/\/viettung.vn\/wp-content\/uploads\/2024\/08\/Image-9.jpeg\" alt=\"\" loading=\"lazy\" \/>\n\t\t\t\t<\/picture>\n\t\t\t\t<div class=\"spectra-image-gallery__media-thumbnail-blurrer\"><\/div>\n\t\t\t\t\t\t\t\t\t\t\t<div class=\"spectra-image-gallery__media-thumbnail-caption-wrapper spectra-image-gallery__media-thumbnail-caption-wrapper--overlay\"><\/div>\n\t\t\t\t\t\t\t\t<\/div>\n\t\t\t\t\t\t<\/div>\n\t\t\t\t\t\t\t\t\t\t<\/div>\n\t\t\t\t\t\t\t\t\t\t\t\t\t\t\t\t\t\t<\/div>\n\t\t\t\t\t\t\t\t\t<\/div><\/div>\n","protected":false},"excerpt":{"rendered":"","protected":false},"author":1,"featured_media":0,"parent":0,"menu_order":0,"comment_status":"closed","ping_status":"closed","template":"","meta":{"_uag_custom_page_level_css":"","site-sidebar-layout":"no-sidebar","site-content-layout":"plain-container","ast-site-content-layout":"normal-width-container","site-content-style":"unboxed","site-sidebar-style":"unboxed","ast-global-header-display":"","ast-banner-title-visibility":"","ast-main-header-display":"","ast-hfb-above-header-display":"","ast-hfb-below-header-display":"","ast-hfb-mobile-header-display":"","site-post-title":"disabled","ast-breadcrumbs-content":"","ast-featured-img":"disabled","footer-sml-layout":"","ast-disable-related-posts":"","theme-transparent-header-meta":"disabled","adv-header-id-meta":"","stick-header-meta":"","header-above-stick-meta":"","header-main-stick-meta":"","header-below-stick-meta":"","astra-migrate-meta-layouts":"set","ast-page-background-enabled":"default","ast-page-background-meta":{"desktop":{"background-color":"var(--ast-global-color-4)","background-image":"","background-repeat":"repeat","background-position":"center center","background-size":"auto","background-attachment":"scroll","background-type":"","background-media":"","overlay-type":"","overlay-color":"","overlay-opacity":"","overlay-gradient":""},"tablet":{"background-color":"","background-image":"","background-repeat":"repeat","background-position":"center center","background-size":"auto","background-attachment":"scroll","background-type":"","background-media":"","overlay-type":"","overlay-color":"","overlay-opacity":"","overlay-gradient":""},"mobile":{"background-color":"","background-image":"","background-repeat":"repeat","background-position":"center center","background-size":"auto","background-attachment":"scroll","background-type":"","background-media":"","overlay-type":"","overlay-color":"","overlay-opacity":"","overlay-gradient":""}},"ast-content-background-meta":{"desktop":{"background-color":"var(--ast-global-color-5)","background-image":"","background-repeat":"repeat","background-position":"center center","background-size":"auto","background-attachment":"scroll","background-type":"","background-media":"","overlay-type":"","overlay-color":"","overlay-opacity":"","overlay-gradient":""},"tablet":{"background-color":"var(--ast-global-color-5)","background-image":"","background-repeat":"repeat","background-position":"center center","background-size":"auto","background-attachment":"scroll","background-type":"","background-media":"","overlay-type":"","overlay-color":"","overlay-opacity":"","overlay-gradient":""},"mobile":{"background-color":"var(--ast-global-color-5)","background-image":"","background-repeat":"repeat","background-position":"center center","background-size":"auto","background-attachment":"scroll","background-type":"","background-media":"","overlay-type":"","overlay-color":"","overlay-opacity":"","overlay-gradient":""}},"footnotes":""},"class_list":["post-1348","page","type-page","status-publish","hentry"],"uagb_featured_image_src":{"full":false,"thumbnail":false,"medium":false,"medium_large":false,"large":false,"1536x1536":false,"2048x2048":false,"trp-custom-language-flag":false},"uagb_author_info":{"display_name":"vietbachster@gmail.com","author_link":"https:\/\/viettung.vn\/vi\/author\/vietbachstergmail-com\/"},"uagb_comment_info":0,"uagb_excerpt":null,"_links":{"self":[{"href":"https:\/\/viettung.vn\/vi\/wp-json\/wp\/v2\/pages\/1348","targetHints":{"allow":["GET"]}}],"collection":[{"href":"https:\/\/viettung.vn\/vi\/wp-json\/wp\/v2\/pages"}],"about":[{"href":"https:\/\/viettung.vn\/vi\/wp-json\/wp\/v2\/types\/page"}],"author":[{"embeddable":true,"href":"https:\/\/viettung.vn\/vi\/wp-json\/wp\/v2\/users\/1"}],"replies":[{"embeddable":true,"href":"https:\/\/viettung.vn\/vi\/wp-json\/wp\/v2\/comments?post=1348"}],"version-history":[{"count":20,"href":"https:\/\/viettung.vn\/vi\/wp-json\/wp\/v2\/pages\/1348\/revisions"}],"predecessor-version":[{"id":1492,"href":"https:\/\/viettung.vn\/vi\/wp-json\/wp\/v2\/pages\/1348\/revisions\/1492"}],"wp:attachment":[{"href":"https:\/\/viettung.vn\/vi\/wp-json\/wp\/v2\/media?parent=1348"}],"curies":[{"name":"wp","href":"https:\/\/api.w.org\/{rel}","templated":true}]}}