{"id":499,"date":"2024-08-14T22:45:14","date_gmt":"2024-08-14T22:45:14","guid":{"rendered":"https:\/\/viettung.vn\/about\/"},"modified":"2026-01-11T13:45:36","modified_gmt":"2026-01-11T06:45:36","slug":"about","status":"publish","type":"page","link":"https:\/\/viettung.vn\/vi\/about\/","title":{"rendered":"Gi\u1edbi thi\u1ec7u"},"content":{"rendered":"\n<div class=\"wp-block-uagb-container uagb-block-e4be775b alignfull uagb-is-root-container\"><div class=\"uagb-container-inner-blocks-wrap\">\n<div class=\"wp-block-uagb-container uagb-block-9a4bad7b\">\n<div class=\"wp-block-uagb-info-box uagb-block-1160787b uagb-infobox__content-wrap  uagb-infobox-icon-above-title uagb-infobox-image-valign-top\"><div class=\"uagb-ifb-content\"><div class=\"uagb-ifb-title-wrap\"><h3 class=\"uagb-ifb-title-prefix\">Gi\u1edbi thi\u1ec7u<\/h3><h2 class=\"uagb-ifb-title\">C\u00f4ng ty TNHH Th\u01b0\u01a1ng M\u1ea1i S\u1ea3n Xu\u1ea5t Vi\u1ec7t T\u00f9ng<\/h2><\/div><p class=\"uagb-ifb-desc\">Ti\u1ec1n th\u00e2n c\u00f4ng ty TNHH Th\u01b0\u01a1ng M\u1ea1i S\u1ea3n Xu\u1ea5t Vi\u1ec7t T\u00f9ng \u0111\u01b0\u1ee3c th\u00e0nh l\u1eadp v\u00e0o nh\u1eefng n\u0103m 1990, ban \u0111\u1ea7u l\u00e0 m\u1ed9t c\u01a1 s\u1edf ch\u1ebf t\u1ea1o m\u00e1y m\u00f3c, trang thi\u1ebft b\u1ecb trong ng\u00e0nh c\u00f4ng nghi\u1ec7p th\u1ef1c ph\u1ea9m.<br><br>\u0110\u1ebfn n\u0103m 2002, ch\u00fang t\u00f4i b\u1eaft \u0111\u1ea7u m\u1edf r\u1ed9ng ho\u1ea1t \u0111\u1ed9ng sang s\u1ea3n xu\u1ea5t c\u00e1c m\u1eb7t h\u00e0ng c\u00e0 chua c\u00f4 \u0111\u1eb7c d\u00f9ng trong c\u00f4ng nghi\u1ec7p, th\u1ef1c ph\u1ea9m \u0111\u00f3ng h\u1ed9p v\u00e0 c\u00e1c m\u00f3n \u0103n n\u1ea5u s\u1eb5n.<br><br>V\u1edbi ba m\u01b0\u01a1i n\u0103m kinh nghi\u1ec7m t\u01b0 v\u1ea5n, thi\u1ebft k\u1ebf, ch\u1ebf t\u1ea1o v\u00e0 tr\u1ef1c ti\u1ebfp v\u1eadn h\u00e0nh m\u00e1y m\u00f3c, trang thi\u1ebft b\u1ecb c\u00f4ng nghi\u1ec7p th\u1ef1c ph\u1ea9m, Vi\u1ec7t T\u00f9ng \u0111\u00e3 \u0111\u01b0\u1ee3c t\u00edn nhi\u1ec7m b\u1edfi nhi\u1ec1u doanh nghi\u1ec7p \u1edf Vi\u1ec7t Nam v\u00e0 kh\u1eafp n\u01a1i tr\u00ean th\u1ebf gi\u1edbi.<br><br>Ch\u00fang t\u00f4i l\u00e0 \u0111\u1ed1i t\u00e1c c\u1ee7a nhi\u1ec1u doanh nghi\u1ec7p l\u1edbn nh\u01b0 Samji Trading Korea, Thepet.vn, Th\u00e1i B\u00ecnh Corp v\u00e0 Lotte Mart. C\u00e1c trang thi\u1ebft b\u1ecb c\u1ee7a ch\u00fang t\u00f4i \u0111\u00e3 \u0111\u01b0\u1ee3c tin d\u00f9ng b\u1edfi c\u00e1c nh\u00e0 s\u1ea3n xu\u1ea5t l\u1edbn nh\u01b0 t\u1eadp \u0111o\u00e0n S\u01a1n Kova, B\u00ecnh T\u00e2y Foods, \u0110\u00f4ng Ph\u00e1t v\u00e0 nhi\u1ec1u t\u00ean tu\u1ed5i kh\u00e1c.<\/p><\/div><\/div>\n\n\n\n<div class=\"wp-block-columns alignwide are-vertically-aligned-center is-not-stacked-on-mobile has-medium-font-size is-layout-flex wp-container-core-columns-is-layout-28f84493 wp-block-columns-is-layout-flex\">\n<div class=\"wp-block-column is-vertically-aligned-center is-layout-flow wp-block-column-is-layout-flow\" style=\"flex-basis:5rem\">\n<div class=\"wp-block-uagb-image aligncenter uagb-block-115813cf wp-block-uagb-image--layout-default wp-block-uagb-image--effect-static wp-block-uagb-image--align-center\"><figure class=\"wp-block-uagb-image__figure\"><img decoding=\"async\" srcset=\"https:\/\/viettung.vn\/wp-content\/uploads\/2024\/12\/ISO.png ,https:\/\/viettung.vn\/wp-content\/uploads\/2024\/12\/ISO.png 780w, https:\/\/viettung.vn\/wp-content\/uploads\/2024\/12\/ISO.png 360w\" sizes=\"auto, (max-width: 480px) 150px\" src=\"https:\/\/viettung.vn\/wp-content\/uploads\/2024\/12\/ISO.png\" alt=\"\" class=\"uag-image-1437\" width=\"500\" height=\"414\" title=\"\" loading=\"lazy\" role=\"presentation\"\/><\/figure><\/div>\n<\/div>\n\n\n\n<div class=\"wp-block-column is-vertically-aligned-center is-layout-flow wp-block-column-is-layout-flow\" style=\"flex-basis:5rem\">\n<div class=\"wp-block-uagb-image aligncenter uagb-block-a92bd671 wp-block-uagb-image--layout-default wp-block-uagb-image--effect-static wp-block-uagb-image--align-center\"><figure class=\"wp-block-uagb-image__figure\"><img decoding=\"async\" srcset=\"https:\/\/viettung.vn\/wp-content\/uploads\/2024\/12\/HACCP.png ,https:\/\/viettung.vn\/wp-content\/uploads\/2024\/12\/HACCP.png 780w, https:\/\/viettung.vn\/wp-content\/uploads\/2024\/12\/HACCP.png 360w\" sizes=\"auto, (max-width: 480px) 150px\" src=\"https:\/\/viettung.vn\/wp-content\/uploads\/2024\/12\/HACCP.png\" alt=\"\" class=\"uag-image-1438\" width=\"500\" height=\"501\" title=\"HACCP\" loading=\"lazy\" role=\"img\"\/><\/figure><\/div>\n<\/div>\n\n\n\n<div class=\"wp-block-column is-vertically-aligned-center is-layout-flow wp-block-column-is-layout-flow\" style=\"flex-basis:5rem\">\n<div class=\"wp-block-uagb-image aligncenter uagb-block-ca0464b1 wp-block-uagb-image--layout-default wp-block-uagb-image--effect-static wp-block-uagb-image--align-center\"><figure class=\"wp-block-uagb-image__figure\"><img decoding=\"async\" srcset=\"https:\/\/viettung.vn\/wp-content\/uploads\/2024\/12\/FDA.png ,https:\/\/viettung.vn\/wp-content\/uploads\/2024\/12\/FDA.png 780w, https:\/\/viettung.vn\/wp-content\/uploads\/2024\/12\/FDA.png 360w\" sizes=\"auto, (max-width: 480px) 150px\" src=\"https:\/\/viettung.vn\/wp-content\/uploads\/2024\/12\/FDA.png\" alt=\"\" class=\"uag-image-1436\" width=\"500\" height=\"500\" title=\"FDA\" loading=\"lazy\" role=\"img\"\/><\/figure><\/div>\n<\/div>\n\n\n\n<div class=\"wp-block-column is-layout-flow wp-block-column-is-layout-flow\" style=\"flex-basis:25%\"><\/div>\n<\/div>\n\n\n\n<div class=\"wp-block-uagb-separator uagb-block-5eeed11c uag-hide-desktop\"><div class=\"wp-block-uagb-separator__inner\" style=\"--my-background-image:\"><\/div><\/div>\n<\/div>\n\n\n\n<div class=\"wp-block-uagb-container uagb-block-e9b2812a\">\n<div class=\"wp-block-uagb-info-box uagb-block-278daac8 uagb-infobox__content-wrap  uagb-infobox-icon-left uagb-infobox-left uagb-infobox-image-valign-top wp-block-uagb-info-box--has-margin\"><div class=\"uagb-infobox-margin-wrapper\"><div class=\"uagb-ifb-icon-wrap\"><div class=\"uagb-iconbox-icon-wrap uagb-infobox-shape-circle\"><svg xmlns=\"https:\/\/www.w3.org\/2000\/svg\" viewBox=\"0 0 576 512\"><path d=\"M568.1 196.3l-22.62-22.62c-4.533-4.533-10.56-7.029-16.97-7.029s-12.44 2.496-16.97 7.029l-5.654 5.656l-20.12-20.12c4.596-23.46-2.652-47.9-19.47-64.73l-45.25-45.25C390.2 17.47 347.1 0 303.1 0C258.2 0 216 17.47 184.3 49.21L176.5 57.05L272.5 105.1v13.81c0 18.95 7.688 37.5 21.09 50.91l49.16 49.14c13.44 13.45 31.39 20.86 50.54 20.86c4.758 0 9.512-.4648 14.18-1.387l20.12 20.12l-5.654 5.654c-9.357 9.357-9.357 24.58-.002 33.94l22.62 22.62c4.535 4.533 10.56 7.031 16.97 7.031s12.44-2.498 16.97-7.031l90.53-90.5C578.3 220.8 578.3 205.6 568.1 196.3zM270.9 192.4c-3.846-3.846-7.197-8.113-10.37-12.49l-239.5 209.2c-28.12 28.12-28.16 73.72-.0371 101.8C35.12 505 53.56 512 71.1 512s36.84-7.031 50.91-21.09l209.1-239.4c-4.141-3.061-8.184-6.289-11.89-9.996L270.9 192.4z\"><\/path><\/svg><\/div><\/div><div class=\"uagb-ifb-content\"><div class=\"uagb-ifb-title-wrap\"><h2 class=\"uagb-ifb-title\">1990<\/h2><\/div><p class=\"uagb-ifb-desc\">Kh\u1edfi nghi\u1ec7p th\u00e0nh c\u00f4ng theo l\u00e0n s\u00f3ng kinh t\u1ebf th\u1ecb tr\u01b0\u1eddng th\u1eddi m\u1edf c\u1eeda.<\/p><\/div><\/div><\/div>\n\n\n\n<div class=\"wp-block-uagb-info-box uagb-block-323bcd8b uagb-infobox__content-wrap  uagb-infobox-icon-left uagb-infobox-left uagb-infobox-image-valign-top wp-block-uagb-info-box--has-margin\"><div class=\"uagb-infobox-margin-wrapper\"><div class=\"uagb-ifb-icon-wrap\"><div class=\"uagb-iconbox-icon-wrap uagb-infobox-shape-circle\"><svg xmlns=\"https:\/\/www.w3.org\/2000\/svg\" viewBox=\"0 0 384 512\"><path d=\"M336 0C362.5 0 384 21.49 384 48V464C384 490.5 362.5 512 336 512H240V432C240 405.5 218.5 384 192 384C165.5 384 144 405.5 144 432V512H48C21.49 512 0 490.5 0 464V48C0 21.49 21.49 0 48 0H336zM64 272C64 280.8 71.16 288 80 288H112C120.8 288 128 280.8 128 272V240C128 231.2 120.8 224 112 224H80C71.16 224 64 231.2 64 240V272zM176 224C167.2 224 160 231.2 160 240V272C160 280.8 167.2 288 176 288H208C216.8 288 224 280.8 224 272V240C224 231.2 216.8 224 208 224H176zM256 272C256 280.8 263.2 288 272 288H304C312.8 288 320 280.8 320 272V240C320 231.2 312.8 224 304 224H272C263.2 224 256 231.2 256 240V272zM80 96C71.16 96 64 103.2 64 112V144C64 152.8 71.16 160 80 160H112C120.8 160 128 152.8 128 144V112C128 103.2 120.8 96 112 96H80zM160 144C160 152.8 167.2 160 176 160H208C216.8 160 224 152.8 224 144V112C224 103.2 216.8 96 208 96H176C167.2 96 160 103.2 160 112V144zM272 96C263.2 96 256 103.2 256 112V144C256 152.8 263.2 160 272 160H304C312.8 160 320 152.8 320 144V112C320 103.2 312.8 96 304 96H272z\"><\/path><\/svg><\/div><\/div><div class=\"uagb-ifb-content\"><div class=\"uagb-ifb-title-wrap\"><h2 class=\"uagb-ifb-title\">2002<\/h2><\/div><p class=\"uagb-ifb-desc\">Th\u00e0nh l\u1eadp c\u00f4ng ty, \u0111\u1ea7u t\u01b0 m\u1edf r\u1ed9ng quy m\u00f4 ho\u1ea1t \u0111\u1ed9ng \u0111a ng\u00e0nh.<\/p><\/div><\/div><\/div>\n\n\n\n<div class=\"wp-block-uagb-info-box uagb-block-53bbcafc uagb-infobox__content-wrap  uagb-infobox-icon-left uagb-infobox-left uagb-infobox-image-valign-top wp-block-uagb-info-box--has-margin\"><div class=\"uagb-infobox-margin-wrapper\"><div class=\"uagb-ifb-icon-wrap\"><div class=\"uagb-iconbox-icon-wrap uagb-infobox-shape-circle\"><svg xmlns=\"https:\/\/www.w3.org\/2000\/svg\" viewBox=\"0 0 640 512\"><path d=\"M400 0C426.5 0 448 21.49 448 48V144C448 170.5 426.5 192 400 192H352V224H608C625.7 224 640 238.3 640 256C640 273.7 625.7 288 608 288H512V320H560C586.5 320 608 341.5 608 368V464C608 490.5 586.5 512 560 512H400C373.5 512 352 490.5 352 464V368C352 341.5 373.5 320 400 320H448V288H192V320H240C266.5 320 288 341.5 288 368V464C288 490.5 266.5 512 240 512H80C53.49 512 32 490.5 32 464V368C32 341.5 53.49 320 80 320H128V288H32C14.33 288 0 273.7 0 256C0 238.3 14.33 224 32 224H288V192H240C213.5 192 192 170.5 192 144V48C192 21.49 213.5 0 240 0H400zM256 64V128H384V64H256zM224 448V384H96V448H224zM416 384V448H544V384H416z\"><\/path><\/svg><\/div><\/div><div class=\"uagb-ifb-content\"><div class=\"uagb-ifb-title-wrap\"><h2 class=\"uagb-ifb-title\">2015<\/h2><\/div><p class=\"uagb-ifb-desc\">Ho\u00e0n th\u00e0nh chuy\u1ec3n \u0111\u1ed5i s\u1ed1, \u1ee9ng d\u1ee5ng ph\u1ea7n m\u1ec1m ERP trong qu\u1ea3n l\u00fd ho\u1ea1t \u0111\u1ed9ng s\u1ea3n xu\u1ea5t kinh doanh.<\/p><\/div><\/div><\/div>\n\n\n\n<div class=\"wp-block-uagb-info-box uagb-block-5e4c8e34 uagb-infobox__content-wrap  uagb-infobox-icon-left uagb-infobox-left uagb-infobox-image-valign-top wp-block-uagb-info-box--has-margin\"><div class=\"uagb-infobox-margin-wrapper\"><div class=\"uagb-ifb-icon-wrap\"><div class=\"uagb-iconbox-icon-wrap uagb-infobox-shape-circle\"><svg xmlns=\"https:\/\/www.w3.org\/2000\/svg\" viewBox=\"0 0 576 512\"><path d=\"M384 160C366.3 160 352 145.7 352 128C352 110.3 366.3 96 384 96H544C561.7 96 576 110.3 576 128V288C576 305.7 561.7 320 544 320C526.3 320 512 305.7 512 288V205.3L342.6 374.6C330.1 387.1 309.9 387.1 297.4 374.6L191.1 269.3L54.63 406.6C42.13 419.1 21.87 419.1 9.372 406.6C-3.124 394.1-3.124 373.9 9.372 361.4L169.4 201.4C181.9 188.9 202.1 188.9 214.6 201.4L320 306.7L466.7 159.1L384 160z\"><\/path><\/svg><\/div><\/div><div class=\"uagb-ifb-content\"><div class=\"uagb-ifb-title-wrap\"><h2 class=\"uagb-ifb-title\">2020<\/h2><\/div><p class=\"uagb-ifb-desc\">\u0110\u1ec1 ra t\u1ea7m nh\u00ecn m\u1edbi, \u0111i\u1ec1u ch\u1ec9nh \u0111\u1ecbnh h\u01b0\u1edbng kinh doanh, thi\u1ebft l\u1eadp l\u1ea1i m\u1ee5c ti\u00eau \u0111\u1ec3 th\u00edch \u1ee9ng v\u1edbi nh\u1eefng th\u00e1ch th\u1ee9c m\u1edbi h\u1eadu Covid-19.<\/p><\/div><\/div><\/div>\n\n\n\n<div class=\"wp-block-uagb-info-box uagb-block-6a15570a uagb-infobox__content-wrap  uagb-infobox-icon-left uagb-infobox-left uagb-infobox-image-valign-top wp-block-uagb-info-box--has-margin\"><div class=\"uagb-infobox-margin-wrapper\"><div class=\"uagb-ifb-icon-wrap\"><div class=\"uagb-iconbox-icon-wrap uagb-infobox-shape-circle\"><svg xmlns=\"https:\/\/www.w3.org\/2000\/svg\" viewBox=\"0 0 640 512\"><path d=\"M288 48C288 21.49 309.5 0 336 0H432C458.5 0 480 21.49 480 48V192H520V120C520 106.7 530.7 96 544 96C557.3 96 568 106.7 568 120V192H592C618.5 192 640 213.5 640 240V464C640 490.5 618.5 512 592 512H336C309.5 512 288 490.5 288 464V48zM352 112C352 120.8 359.2 128 368 128H400C408.8 128 416 120.8 416 112V80C416 71.16 408.8 64 400 64H368C359.2 64 352 71.16 352 80V112zM368 160C359.2 160 352 167.2 352 176V208C352 216.8 359.2 224 368 224H400C408.8 224 416 216.8 416 208V176C416 167.2 408.8 160 400 160H368zM352 304C352 312.8 359.2 320 368 320H400C408.8 320 416 312.8 416 304V272C416 263.2 408.8 256 400 256H368C359.2 256 352 263.2 352 272V304zM528 256C519.2 256 512 263.2 512 272V304C512 312.8 519.2 320 528 320H560C568.8 320 576 312.8 576 304V272C576 263.2 568.8 256 560 256H528zM512 400C512 408.8 519.2 416 528 416H560C568.8 416 576 408.8 576 400V368C576 359.2 568.8 352 560 352H528C519.2 352 512 359.2 512 368V400zM224 160C224 166 223 171 222 176C242 190 256 214 256 240C256 285 220 320 176 320H160V480C160 498 145 512 128 512C110 512 96 498 96 480V320H80C35 320 0 285 0 240C0 214 13 190 33 176C32 171 32 166 32 160C32 107 74 64 128 64C181 64 224 107 224 160z\"><\/path><\/svg><\/div><\/div><div class=\"uagb-ifb-content\"><div class=\"uagb-ifb-title-wrap\"><h2 class=\"uagb-ifb-title\">2025<\/h2><\/div><p class=\"uagb-ifb-desc\">Chuy\u1ec3n \u0111\u1ed5i ho\u00e0n to\u00e0n sang s\u1eed d\u1ee5ng \u0111i\u1ec7n n\u0103ng \u0111\u1ec3 s\u1ea3n xu\u1ea5t v\u00e0 kinh doanh b\u1ec1n v\u1eefng.<\/p><\/div><\/div><\/div>\n<\/div>\n<\/div><\/div>\n\n\n\n<div class=\"wp-block-uagb-container uagb-layout-grid uagb-block-a545a0b5 alignfull uagb-is-root-container\"><div class=\"uagb-container-inner-blocks-wrap\">\n<div class=\"wp-block-uagb-info-box uagb-block-720e491a uagb-infobox__content-wrap  uagb-infobox-icon-left uagb-infobox-left uagb-infobox-stacked-mobile uagb-infobox-image-valign-top\"><div class=\"uagb-ifb-icon-wrap\"><div class=\"uagb-iconbox-icon-wrap uagb-infobox-shape-circle\"><svg xmlns=\"https:\/\/www.w3.org\/2000\/svg\" viewBox=\"0 0 384 512\"><path d=\"M288 358.3c13.98-8.088 17.53-30.04 28.88-41.39c11.35-11.35 33.3-14.88 41.39-28.87c7.98-13.79 .1658-34.54 4.373-50.29C366.7 222.5 383.1 208.5 383.1 192c0-16.5-17.27-30.52-21.34-45.73c-4.207-15.75 3.612-36.5-4.365-50.29c-8.086-13.98-30.03-17.52-41.38-28.87c-11.35-11.35-14.89-33.3-28.87-41.39c-13.79-7.979-34.54-.1637-50.29-4.375C222.5 17.27 208.5 0 192 0C175.5 0 161.5 17.27 146.3 21.34C130.5 25.54 109.8 17.73 95.98 25.7C82 33.79 78.46 55.74 67.11 67.08C55.77 78.43 33.81 81.97 25.72 95.95C17.74 109.7 25.56 130.5 21.35 146.2C17.27 161.5 .0008 175.5 .0008 192c0 16.5 17.27 30.52 21.34 45.73c4.207 15.75-3.615 36.5 4.361 50.29C33.8 302 55.74 305.5 67.08 316.9c11.35 11.35 14.89 33.3 28.88 41.4c13.79 7.979 34.53 .1582 50.28 4.369C161.5 366.7 175.5 384 192 384c16.5 0 30.52-17.27 45.74-21.34C253.5 358.5 274.2 366.3 288 358.3zM112 192c0-44.27 35.81-80 80-80s80 35.73 80 80c0 44.17-35.81 80-80 80S112 236.2 112 192zM1.719 433.2c-3.25 8.188-1.781 17.48 3.875 24.25c5.656 6.75 14.53 9.898 23.12 8.148l45.19-9.035l21.43 42.27C99.46 507 107.6 512 116.7 512c.3438 0 .6641-.0117 1.008-.0273c9.5-.375 17.65-6.082 21.24-14.88l33.58-82.08c-53.71-4.639-102-28.12-138.2-63.95L1.719 433.2zM349.6 351.1c-36.15 35.83-84.45 59.31-138.2 63.95l33.58 82.08c3.594 8.797 11.74 14.5 21.24 14.88C266.6 511.1 266.1 512 267.3 512c9.094 0 17.23-4.973 21.35-13.14l21.43-42.28l45.19 9.035c8.594 1.75 17.47-1.398 23.12-8.148c5.656-6.766 7.125-16.06 3.875-24.25L349.6 351.1z\"><\/path><\/svg><\/div><\/div><div class=\"uagb-ifb-content\"><div class=\"uagb-ifb-title-wrap\"><h2 class=\"uagb-ifb-title\">30+<\/h2><\/div><p class=\"uagb-ifb-desc\">N\u0103m ho\u1ea1t \u0111\u1ed9ng<\/p><\/div><\/div>\n\n\n\n<div class=\"wp-block-uagb-info-box uagb-block-3d9017cc uagb-infobox__content-wrap  uagb-infobox-icon-left uagb-infobox-left uagb-infobox-stacked-mobile uagb-infobox-image-valign-top\"><div class=\"uagb-ifb-icon-wrap\"><div class=\"uagb-iconbox-icon-wrap uagb-infobox-shape-circle\"><svg xmlns=\"https:\/\/www.w3.org\/2000\/svg\" viewBox=\"0 0 640 512\"><path d=\"M319.9 320c57.41 0 103.1-46.56 103.1-104c0-57.44-46.54-104-103.1-104c-57.41 0-103.1 46.56-103.1 104C215.9 273.4 262.5 320 319.9 320zM369.9 352H270.1C191.6 352 128 411.7 128 485.3C128 500.1 140.7 512 156.4 512h327.2C499.3 512 512 500.1 512 485.3C512 411.7 448.4 352 369.9 352zM512 160c44.18 0 80-35.82 80-80S556.2 0 512 0c-44.18 0-80 35.82-80 80S467.8 160 512 160zM183.9 216c0-5.449 .9824-10.63 1.609-15.91C174.6 194.1 162.6 192 149.9 192H88.08C39.44 192 0 233.8 0 285.3C0 295.6 7.887 304 17.62 304h199.5C196.7 280.2 183.9 249.7 183.9 216zM128 160c44.18 0 80-35.82 80-80S172.2 0 128 0C83.82 0 48 35.82 48 80S83.82 160 128 160zM551.9 192h-61.84c-12.8 0-24.88 3.037-35.86 8.24C454.8 205.5 455.8 210.6 455.8 216c0 33.71-12.78 64.21-33.16 88h199.7C632.1 304 640 295.6 640 285.3C640 233.8 600.6 192 551.9 192z\"><\/path><\/svg><\/div><\/div><div class=\"uagb-ifb-content\"><div class=\"uagb-ifb-title-wrap\"><h2 class=\"uagb-ifb-title\">50+<\/h2><\/div><p class=\"uagb-ifb-desc\">Nh\u00e2n s\u1ef1 chuy\u00ean m\u00f4n<\/p><\/div><\/div>\n\n\n\n<div class=\"wp-block-uagb-info-box uagb-block-e2303089 uagb-infobox__content-wrap  uagb-infobox-icon-left uagb-infobox-left uagb-infobox-stacked-mobile uagb-infobox-image-valign-top\"><div class=\"uagb-ifb-icon-wrap\"><div class=\"uagb-iconbox-icon-wrap uagb-infobox-shape-circle\"><svg xmlns=\"https:\/\/www.w3.org\/2000\/svg\" viewBox=\"0 0 576 512\"><path d=\"M128 32C145.7 32 160 46.33 160 64V215.4L316.6 131C332.6 122.4 352 134 352 152.2V215.4L508.6 131C524.6 122.4 544 134 544 152.2V432C544 458.5 522.5 480 496 480H80C53.49 480 32 458.5 32 432V64C32 46.33 46.33 32 64 32H128z\"><\/path><\/svg><\/div><\/div><div class=\"uagb-ifb-content\"><div class=\"uagb-ifb-title-wrap\"><h2 class=\"uagb-ifb-title\">500+<\/h2><\/div><p class=\"uagb-ifb-desc\">D\u1ef1 \u00e1n cung \u1ee9ng m\u00e1y m\u00f3c thi\u1ebft b\u1ecb<\/p><\/div><\/div>\n\n\n\n<div class=\"wp-block-uagb-info-box uagb-block-fe55c2cb uagb-infobox__content-wrap  uagb-infobox-icon-left uagb-infobox-left uagb-infobox-stacked-mobile uagb-infobox-image-valign-top\"><div class=\"uagb-ifb-icon-wrap\"><div class=\"uagb-iconbox-icon-wrap uagb-infobox-shape-circle\"><svg xmlns=\"https:\/\/www.w3.org\/2000\/svg\" viewBox=\"0 0 576 512\"><path d=\"M96 128C96.53 128 97.07 128 97.6 128C105 91.49 137.3 64 176 64C190.1 64 204.1 68.1 216.9 75.25C230.2 49.55 257.1 32 288 32C318.9 32 345.8 49.56 359.1 75.25C371 68.1 385 64 400 64C438.7 64 470.1 91.49 478.4 128C478.9 128 479.5 128 480 128C515.3 128 544 156.7 544 192C544 203.7 540.9 214.6 535.4 224H40.56C35.12 214.6 32 203.7 32 192C32 156.7 60.65 128 96 128H96zM16 283.4C16 268.3 28.28 256 43.43 256H532.6C547.7 256 560 268.3 560 283.4C560 356.3 512.6 418.2 446.9 439.8C447.6 442.4 448 445.2 448 448C448 465.7 433.7 480 416 480H160C142.3 480 128 465.7 128 448C128 445.2 128.4 442.4 129.1 439.8C63.4 418.2 16 356.3 16 283.4H16z\"><\/path><\/svg><\/div><\/div><div class=\"uagb-ifb-content\"><div class=\"uagb-ifb-title-wrap\"><h2 class=\"uagb-ifb-title\">100 tri\u1ec7u +<\/h2><\/div><p class=\"uagb-ifb-desc\">S\u1ea3n ph\u1ea9m th\u1ef1c ph\u1ea9m \u0111\u00f3ng h\u1ed9p<\/p><\/div><\/div>\n<\/div><\/div>\n","protected":false},"excerpt":{"rendered":"","protected":false},"author":1,"featured_media":0,"parent":0,"menu_order":0,"comment_status":"closed","ping_status":"closed","template":"","meta":{"_uag_custom_page_level_css":"","site-sidebar-layout":"no-sidebar","site-content-layout":"plain-container","ast-site-content-layout":"normal-width-container","site-content-style":"unboxed","site-sidebar-style":"unboxed","ast-global-header-display":"","ast-banner-title-visibility":"","ast-main-header-display":"","ast-hfb-above-header-display":"","ast-hfb-below-header-display":"","ast-hfb-mobile-header-display":"","site-post-title":"disabled","ast-breadcrumbs-content":"","ast-featured-img":"disabled","footer-sml-layout":"","ast-disable-related-posts":"","theme-transparent-header-meta":"disabled","adv-header-id-meta":"","stick-header-meta":"","header-above-stick-meta":"","header-main-stick-meta":"","header-below-stick-meta":"","astra-migrate-meta-layouts":"set","ast-page-background-enabled":"default","ast-page-background-meta":{"desktop":{"background-color":"var(--ast-global-color-4)","background-image":"","background-repeat":"repeat","background-position":"center center","background-size":"auto","background-attachment":"scroll","background-type":"","background-media":"","overlay-type":"","overlay-color":"","overlay-opacity":"","overlay-gradient":""},"tablet":{"background-color":"","background-image":"","background-repeat":"repeat","background-position":"center center","background-size":"auto","background-attachment":"scroll","background-type":"","background-media":"","overlay-type":"","overlay-color":"","overlay-opacity":"","overlay-gradient":""},"mobile":{"background-color":"","background-image":"","background-repeat":"repeat","background-position":"center center","background-size":"auto","background-attachment":"scroll","background-type":"","background-media":"","overlay-type":"","overlay-color":"","overlay-opacity":"","overlay-gradient":""}},"ast-content-background-meta":{"desktop":{"background-color":"var(--ast-global-color-5)","background-image":"","background-repeat":"repeat","background-position":"center center","background-size":"auto","background-attachment":"scroll","background-type":"","background-media":"","overlay-type":"","overlay-color":"","overlay-opacity":"","overlay-gradient":""},"tablet":{"background-color":"var(--ast-global-color-5)","background-image":"","background-repeat":"repeat","background-position":"center center","background-size":"auto","background-attachment":"scroll","background-type":"","background-media":"","overlay-type":"","overlay-color":"","overlay-opacity":"","overlay-gradient":""},"mobile":{"background-color":"var(--ast-global-color-5)","background-image":"","background-repeat":"repeat","background-position":"center center","background-size":"auto","background-attachment":"scroll","background-type":"","background-media":"","overlay-type":"","overlay-color":"","overlay-opacity":"","overlay-gradient":""}},"footnotes":""},"class_list":["post-499","page","type-page","status-publish","hentry"],"uagb_featured_image_src":{"full":false,"thumbnail":false,"medium":false,"medium_large":false,"large":false,"1536x1536":false,"2048x2048":false,"trp-custom-language-flag":false},"uagb_author_info":{"display_name":"vietbachster@gmail.com","author_link":"https:\/\/viettung.vn\/vi\/author\/vietbachstergmail-com\/"},"uagb_comment_info":0,"uagb_excerpt":null,"_links":{"self":[{"href":"https:\/\/viettung.vn\/vi\/wp-json\/wp\/v2\/pages\/499","targetHints":{"allow":["GET"]}}],"collection":[{"href":"https:\/\/viettung.vn\/vi\/wp-json\/wp\/v2\/pages"}],"about":[{"href":"https:\/\/viettung.vn\/vi\/wp-json\/wp\/v2\/types\/page"}],"author":[{"embeddable":true,"href":"https:\/\/viettung.vn\/vi\/wp-json\/wp\/v2\/users\/1"}],"replies":[{"embeddable":true,"href":"https:\/\/viettung.vn\/vi\/wp-json\/wp\/v2\/comments?post=499"}],"version-history":[{"count":50,"href":"https:\/\/viettung.vn\/vi\/wp-json\/wp\/v2\/pages\/499\/revisions"}],"predecessor-version":[{"id":1491,"href":"https:\/\/viettung.vn\/vi\/wp-json\/wp\/v2\/pages\/499\/revisions\/1491"}],"wp:attachment":[{"href":"https:\/\/viettung.vn\/vi\/wp-json\/wp\/v2\/media?parent=499"}],"curies":[{"name":"wp","href":"https:\/\/api.w.org\/{rel}","templated":true}]}}